{"id":6184,"date":"2023-01-12T23:56:52","date_gmt":"2023-01-12T21:56:52","guid":{"rendered":"https:\/\/www.wildandberg.fi\/tuote\/chocolate-coconut-protein-bar\/"},"modified":"2023-11-22T16:05:30","modified_gmt":"2023-11-22T14:05:30","slug":"chocolate-coconut-protein-bar","status":"publish","type":"product","link":"https:\/\/www.wildandberg.fi\/en\/product\/chocolate-coconut-protein-bar\/","title":{"rendered":"Chocolate-coconut protein bar"},"content":{"rendered":"<table>\n<tbody>\n<tr>\n<td colspan=\"2\"><b>Chocolate coconut protein rich raw bar<\/b><\/td>\n<\/tr>\n<tr>\n<td><\/td>\n<td><span style=\"font-weight: 400;\">Dates, whey powder (MILK (origin: Finland), <\/span><b>rennet<\/b><span style=\"font-weight: 400;\">), isomalto-oligosaccharide*, OAT flakes, <\/span><b>rye crispbread<\/b><span style=\"font-weight: 400;\"> (whole grain RYE flour, RYE bran, yeast, salt), dark chocolate 6.1% (sugar, cocoa mass (non-EU), cocoa butter ( non-EU), vegetable fat (palm oil, shea), emulsifier (SOYA lecithin), whole MILK powder, aroma), cocoa powder, rapeseed oil, humectant (glycerol), coconut flakes 4.2%, OAT bran, vanilla powder, rowan berry extract, aromas, salt. *source of glucose. May contain small amounts of nuts.<\/span><\/td>\n<\/tr>\n<tr>\n<td><\/td>\n<td><span style=\"font-weight: 400;\">Dadlar, vasslepulver (MJ\u00d6LK (ursprung: Finland), ystenzym), isomalto-oligosackarid*, HAVREgryn, surskorpa (fullkornsR\u00c5Gmj\u00f6l, R\u00c5Gkli, j\u00e4st, salt), m\u00f6rk choklad 6,1 % (socker, kaakaomassa, kakaosm\u00f6r, MJ\u00d6LKfett,<br \/>\nemulgeringsmedel (lecitin, bl.a. SOIJA), arom (vanillin), kakaopulver, rypsolja, fuktighetsbevarande medel (glycerol), kokosflingor 4,2 %, HAVREkli, vaniljpulver, r\u00f6nnb\u00e4rsextrakt, aromer, salt.<\/span><span style=\"font-weight: 400;\">*k\u00e4lla till glukos<\/span><span style=\"font-weight: 400;\">Kan inneh\u00e5lla sm\u00e5 m\u00e4ngder n\u00f6t.<\/span><\/td>\n<\/tr>\n<\/tbody>\n<\/table>\n<table style=\"height: 818px;\" width=\"845\">\n<tbody>\n<tr>\n<td colspan=\"2\"><b>Nutrition facts \/ 100 g<\/b><\/td>\n<td><\/td>\n<td><b>Per bar 40 g<\/b><\/td>\n<td><\/td>\n<\/tr>\n<tr>\n<td rowspan=\"2\"><span style=\"font-weight: 400;\">Energy<\/span><\/td>\n<td><span style=\"font-weight: 400;\">1518,0<\/span><\/td>\n<td><span style=\"font-weight: 400;\">kJ<\/span><\/td>\n<td><span style=\"font-weight: 400;\">607,2<\/span><\/td>\n<td><span style=\"font-weight: 400;\">kJ<\/span><\/td>\n<\/tr>\n<tr>\n<td><span style=\"font-weight: 400;\">362,0<\/span><\/td>\n<td><span style=\"font-weight: 400;\">kcal<\/span><\/td>\n<td><span style=\"font-weight: 400;\">144,8<\/span><\/td>\n<td><span style=\"font-weight: 400;\">kcal<\/span><\/td>\n<\/tr>\n<tr>\n<td><span style=\"font-weight: 400;\">Fat<\/span><\/td>\n<td><span style=\"font-weight: 400;\">12,5<\/span><\/td>\n<td><span style=\"font-weight: 400;\">g<\/span><\/td>\n<td><span style=\"font-weight: 400;\">5,0<\/span><\/td>\n<td><span style=\"font-weight: 400;\">g<\/span><\/td>\n<\/tr>\n<tr>\n<td><span style=\"font-weight: 400;\">of which saturated<\/span><\/td>\n<td><span style=\"font-weight: 400;\">5,4<\/span><\/td>\n<td><span style=\"font-weight: 400;\">g<\/span><\/td>\n<td><span style=\"font-weight: 400;\">2,2<\/span><\/td>\n<td><span style=\"font-weight: 400;\">g<\/span><\/td>\n<\/tr>\n<tr>\n<td><span style=\"font-weight: 400;\">Carbohydrates<\/span><\/td>\n<td><span style=\"font-weight: 400;\">48,6<\/span><\/td>\n<td><span style=\"font-weight: 400;\">g<\/span><\/td>\n<td><span style=\"font-weight: 400;\">19,4<\/span><\/td>\n<td><span style=\"font-weight: 400;\">g<\/span><\/td>\n<\/tr>\n<tr>\n<td><span style=\"font-weight: 400;\">of which sugars<\/span><\/td>\n<td><span style=\"font-weight: 400;\">22,0<\/span><\/td>\n<td><span style=\"font-weight: 400;\">g<\/span><\/td>\n<td><span style=\"font-weight: 400;\">8,8<\/span><\/td>\n<td><span style=\"font-weight: 400;\">g<\/span><\/td>\n<\/tr>\n<tr>\n<td><span style=\"font-weight: 400;\">Dietary fibre<\/span><\/td>\n<td><span style=\"font-weight: 400;\">13,0<\/span><\/td>\n<td><span style=\"font-weight: 400;\">g<\/span><\/td>\n<td><span style=\"font-weight: 400;\">5,2<\/span><\/td>\n<td><span style=\"font-weight: 400;\">g<\/span><\/td>\n<\/tr>\n<tr>\n<td><span style=\"font-weight: 400;\">Protein<\/span><\/td>\n<td><span style=\"font-weight: 400;\">18,5<\/span><\/td>\n<td><span style=\"font-weight: 400;\">g<\/span><\/td>\n<td><span style=\"font-weight: 400;\">7,4<\/span><\/td>\n<td><span style=\"font-weight: 400;\">g<\/span><\/td>\n<\/tr>\n<tr>\n<td><span style=\"font-weight: 400;\">Salt<\/span><\/td>\n<td><span style=\"font-weight: 400;\">0,4<\/span><\/td>\n<td><span style=\"font-weight: 400;\">g<\/span><\/td>\n<td><span style=\"font-weight: 400;\">0,2<\/span><\/td>\n<td><span style=\"font-weight: 400;\">g<\/span><\/td>\n<\/tr>\n<tr>\n<td><\/td>\n<td><\/td>\n<td><\/td>\n<td><\/td>\n<td><\/td>\n<\/tr>\n<tr>\n<td><span style=\"font-weight: 400;\">Lactose<\/span><\/td>\n<td><span style=\"font-weight: 400;\">0,0<\/span><\/td>\n<td><span style=\"font-weight: 400;\">g<\/span><\/td>\n<td><span style=\"font-weight: 400;\">0,0<\/span><\/td>\n<td><span style=\"font-weight: 400;\">g<\/span><\/td>\n<\/tr>\n<\/tbody>\n<\/table>\n<p><b>Best before<\/b><b>: <\/b><i><span style=\"font-weight: 400;\">6 months from date of manufacture<\/span><\/i><\/p>\n<p><b>Storage instructions: <span style=\"font-weight: 400;\">Store in a dry and cool place<\/span><\/b><\/p>\n<p><b>Packaging recycling instructions: <span style=\"font-weight: 400;\">Recycle the packaging into plastic waste.<\/span><\/b><\/p>\n","protected":false},"excerpt":{"rendered":"<p><strong>Wild&amp;Berg is a fullsnack for foodsmart people on the go, which fills with uncompromising delight.<\/strong><\/p>\n<p>Coconut, coffee, vanilla and a delightful touch of high quality chocolate combined with oats, rye and dates. A hint of sea salt to create a full-bodied, delightful flavour. Finnish whey gives this protein bar a kick. Grab this to take with you when you head to the office, the sports field or shopping.<\/p>\n<p>Absolute deliciousness and desirable with a clear conscience for kids and adults alike.<\/p>\n<p><strong><em>This delightfully uncompromising snack bar is: <\/em><\/strong><\/p>\n<ul>\n<li><em><em>rich in fibre<\/em><\/em>&nbsp;<\/li>\n<li><em><em>protein-rich<\/em><\/em>&nbsp;<\/li>\n<li><em><em>lactose-free<\/em><\/em>&nbsp;<\/li>\n<li><em><em>No sweeteners<\/em><\/em>&nbsp;<\/li>\n<li><em>a complete snack<\/em><\/li>\n<\/ul>\n<p>Like all Wild&amp;Berg products: without sweeteners and preservatives. Natural and uncompromised. Flavors from honest and Finnish ingredients.<\/p>\n","protected":false},"featured_media":5509,"comment_status":"open","ping_status":"closed","template":"","meta":{"_acf_changed":false},"product_cat":[127],"product_tag":[131,132,133,134],"class_list":{"0":"post-6184","1":"product","2":"type-product","3":"status-publish","4":"has-post-thumbnail","6":"product_cat-protein-rich-snack-bars","7":"product_tag-proteiini-en","8":"product_tag-proteiinipatukka-en","9":"product_tag-taysvalipala-en","10":"product_tag-wildberg-en","12":"first","13":"instock","14":"taxable","15":"shipping-taxable","16":"purchasable","17":"product-type-simple","swatches":"rey-swatches","show_selected":"","stretch_labels":"rey-swatches--stretch-labels"},"acf":[],"_links":{"self":[{"href":"https:\/\/www.wildandberg.fi\/en\/wp-json\/wp\/v2\/product\/6184","targetHints":{"allow":["GET"]}}],"collection":[{"href":"https:\/\/www.wildandberg.fi\/en\/wp-json\/wp\/v2\/product"}],"about":[{"href":"https:\/\/www.wildandberg.fi\/en\/wp-json\/wp\/v2\/types\/product"}],"replies":[{"embeddable":true,"href":"https:\/\/www.wildandberg.fi\/en\/wp-json\/wp\/v2\/comments?post=6184"}],"wp:featuredmedia":[{"embeddable":true,"href":"https:\/\/www.wildandberg.fi\/en\/wp-json\/wp\/v2\/media\/5509"}],"wp:attachment":[{"href":"https:\/\/www.wildandberg.fi\/en\/wp-json\/wp\/v2\/media?parent=6184"}],"wp:term":[{"taxonomy":"product_cat","embeddable":true,"href":"https:\/\/www.wildandberg.fi\/en\/wp-json\/wp\/v2\/product_cat?post=6184"},{"taxonomy":"product_tag","embeddable":true,"href":"https:\/\/www.wildandberg.fi\/en\/wp-json\/wp\/v2\/product_tag?post=6184"}],"curies":[{"name":"wp","href":"https:\/\/api.w.org\/{rel}","templated":true}]}}