{"id":7527,"date":"2024-04-16T17:50:21","date_gmt":"2024-04-16T14:50:21","guid":{"rendered":"https:\/\/www.wildandberg.fi\/tuote\/valkosuklaa-proteiinikeksi-gluteeniton-120-g\/"},"modified":"2025-08-09T18:40:43","modified_gmt":"2025-08-09T15:40:43","slug":"valkosuklaa-proteiinikeksi-gluteeniton-120-g","status":"publish","type":"product","link":"https:\/\/www.wildandberg.fi\/en\/product\/valkosuklaa-proteiinikeksi-gluteeniton-120-g\/","title":{"rendered":"White Chocolate Protein Cookie, glutenfree 120 g"},"content":{"rendered":"<table>\n<tbody>\n<tr>\n<td colspan=\"2\"><b>List of ingredients &amp; nutritional content<\/b><\/td>\n<\/tr>\n<tr>\n<td><span style=\"font-weight: 400;\">Eng<\/span><\/td>\n<td>Date 33%, isomalt-oligosaccharide*, whey powder 21% (MILK (origin: Finland), rennet), rapeseed oil, white chocolate 8.4% (sugar, cocoa butter (non-EU), full MILK powder, emulsifier (sunflower lecithin), flavor), cranberry 8.4% (cranberry (60%), cane sugar, sunflower oil), gluten-free OAT flakes, moisture-retaining agent (glycerol), gluten-free OAT bran, vanilla powder, baking powder (leavening agents (E 450i, E 500), corn starch), salt. *glucose source<\/p>\n<p>May contain small amounts of nuts, peanuts, and sesame seeds.<\/td>\n<\/tr>\n<tr>\n<td><span style=\"font-weight: 400;\">Ruotsi<\/span><\/td>\n<td><span style=\"font-weight: 400;\">Dadlar 33 %, isomalto-oligosackarid*, vasslepulver 21 % (MJ\u00d6LK (ursprung: Finland), ystenzym), rypsolja, vit choklad 8,4 % (socker, kakaosm\u00f6r (icke-EU), helMJ\u00d6LKSpulver, emulgeringsmedel (solroslecitin), arom), tranb\u00e4r 8,4 % (tranb\u00e4r (60 %), r\u00f6rsocker, solrosolja), glutenfri HAVREgryn,<\/span> <span style=\"font-weight: 400;\">fuktighetsbevarande medel (glycerol), <\/span><span style=\"font-weight: 400;\">glutenfri HAVREkli, vaniljpulver, bakpulver (j\u00e4smedel (E 450i, E 500), majsst\u00e4rkelse), salt <\/span><span style=\"font-weight: 400;\">*k\u00e4lla till glukos<\/span><\/p>\n<p><span style=\"font-weight: 400;\">Kan inneh\u00e5lla sm\u00e5 m\u00e4ngder av n\u00f6tter, jordn\u00f6tter och sesamfr\u00f6n.<\/span><\/td>\n<\/tr>\n<\/tbody>\n<\/table>\n<p>&nbsp;<\/p>\n<table style=\"height: 803px;\" width=\"877\">\n<tbody>\n<tr>\n<td colspan=\"2\"><b>Ravintosis\u00e4lt\u00f6 \/ 100 g<\/b><\/p>\n<p><b>Nutrition facts \/ 100 g<\/b><\/td>\n<td><\/td>\n<td><b>Per keksi 30 g<\/b><\/td>\n<td><\/td>\n<\/tr>\n<tr>\n<td rowspan=\"2\"><span style=\"font-weight: 400;\">Energy<\/span><\/td>\n<td><span style=\"font-weight: 400;\">1636<\/span><\/td>\n<td><span style=\"font-weight: 400;\">kJ<\/span><\/td>\n<td><span style=\"font-weight: 400;\">491<\/span><\/td>\n<td><span style=\"font-weight: 400;\">kJ<\/span><\/td>\n<\/tr>\n<tr>\n<td><span style=\"font-weight: 400;\">392<\/span><\/td>\n<td><span style=\"font-weight: 400;\">kcal<\/span><\/td>\n<td><span style=\"font-weight: 400;\">118<\/span><\/td>\n<td><span style=\"font-weight: 400;\">kcal<\/span><\/td>\n<\/tr>\n<tr>\n<td><span style=\"font-weight: 400;\">Fat<\/span><\/td>\n<td><span style=\"font-weight: 400;\">14<\/span><\/td>\n<td><span style=\"font-weight: 400;\">g<\/span><\/td>\n<td><span style=\"font-weight: 400;\">4,2<\/span><\/td>\n<td><span style=\"font-weight: 400;\">g<\/span><\/td>\n<\/tr>\n<tr>\n<td><span style=\"font-weight: 400;\">of which saturated<\/span><\/td>\n<td><span style=\"font-weight: 400;\">3,5<\/span><\/td>\n<td><span style=\"font-weight: 400;\">g<\/span><\/td>\n<td><span style=\"font-weight: 400;\">1<\/span><\/td>\n<td><span style=\"font-weight: 400;\">g<\/span><\/td>\n<\/tr>\n<tr>\n<td><span style=\"font-weight: 400;\">Carbohydrates<\/span><\/td>\n<td>59<\/td>\n<td><span style=\"font-weight: 400;\">g<\/span><\/td>\n<td><span style=\"font-weight: 400;\">18<\/span><\/td>\n<td><span style=\"font-weight: 400;\">g<\/span><\/td>\n<\/tr>\n<tr>\n<td><span style=\"font-weight: 400;\">of which sugars<\/span><\/td>\n<td><span style=\"font-weight: 400;\">35<\/span><\/td>\n<td><span style=\"font-weight: 400;\">g<\/span><\/td>\n<td><span style=\"font-weight: 400;\">11<\/span><\/td>\n<td><span style=\"font-weight: 400;\">g<\/span><\/td>\n<\/tr>\n<tr>\n<td><span style=\"font-weight: 400;\">Dietary fibre<\/span><\/td>\n<td><span style=\"font-weight: 400;\">19<\/span><\/td>\n<td><span style=\"font-weight: 400;\">g<\/span><\/td>\n<td><span style=\"font-weight: 400;\">5,6<\/span><\/td>\n<td><span style=\"font-weight: 400;\">g<\/span><\/td>\n<\/tr>\n<tr>\n<td><span style=\"font-weight: 400;\">Protein<\/span><\/td>\n<td><span style=\"font-weight: 400;\">19<\/span><\/td>\n<td><span style=\"font-weight: 400;\">g<\/span><\/td>\n<td><span style=\"font-weight: 400;\">5,8<\/span><\/td>\n<td><span style=\"font-weight: 400;\">g<\/span><\/td>\n<\/tr>\n<tr>\n<td><span style=\"font-weight: 400;\">Salt<\/span><\/td>\n<td><span style=\"font-weight: 400;\">0,51<\/span><\/td>\n<td><span style=\"font-weight: 400;\">g<\/span><\/td>\n<td><span style=\"font-weight: 400;\">0,15<\/span><\/td>\n<td><span style=\"font-weight: 400;\">g<\/span><\/td>\n<\/tr>\n<tr>\n<td><\/td>\n<td><\/td>\n<td><\/td>\n<td><\/td>\n<td><\/td>\n<\/tr>\n<tr>\n<td><span style=\"font-weight: 400;\">laktoosi\/laktos &lt;1,0 g\/100 g<\/span><\/td>\n<td><\/td>\n<td><\/td>\n<td><\/td>\n<td><\/td>\n<\/tr>\n<\/tbody>\n<\/table>\n<p>&nbsp;<\/p>\n<p>Low-lactose \u2013 gluten-free.<\/p>\n<p>Best before: 6 months from the production date<\/p>\n<p>Storage instructions: Store the product at room temperature.<\/p>\n<p>Recycling instructions: Recycle the outer packaging with cardboard recycling and the inner tray with plastic recycling.<\/p>\n<p>A full snack is not only nourishment, but also a moment to pause, take a breath, and recharge just enough to keep the day flowing smoothly. To enjoy a small, delightful taste experience. To get just the right amount of energizing quality fuel for both body and mind.<\/p>\n","protected":false},"excerpt":{"rendered":"<p>Wild&amp;Berg protein cookies offer a delicious taste experience that will make you wonder, can a protein cookie really taste this good? Well, it can! These white chocolate cookies are delightfully soft, and their sweetness comes from dates, white chocolate, and cranberries, but did you notice there&#8217;s no added sugar? The wonderful Bourbon vanilla powder brings a rich vanilla flavor, and the taste of protein doesn&#8217;t interfere with the enjoyment at all.<\/p>\n<p>Wild&amp;Berg protein cookies contain no added sugar, butter, or gluten, so you can enjoy them worry-free. They are also egg-free but still taste just as delicious. So, relax and enjoy these tasty cookies with a clear conscience!<\/p>\n<p>This wonderfully uncompromising protein cookie (4x30g) is:<\/p>\n<p>&#8211; Gluten-free<br \/>\n&#8211; Low-lactose<br \/>\n&#8211; High in fiber<br \/>\n&#8211; Protein-rich<br \/>\n&#8211; Free from sweeteners<br \/>\n&#8211; Made in Kaustinen, Finland<br \/>\n&#8211; A full snack<\/p>\n<p>Perfect for:<\/p>\n<p>&#8211; Finishing breakfast<br \/>\n&#8211; With coffee<br \/>\n&#8211; As a dessert<br \/>\n&#8211; Or as a snack<\/p>\n","protected":false},"featured_media":7366,"comment_status":"open","ping_status":"closed","template":"","meta":{"_acf_changed":false},"product_cat":[154,153],"product_tag":[155,156,157],"class_list":{"0":"post-7527","1":"product","2":"type-product","3":"status-publish","4":"has-post-thumbnail","6":"product_cat-gluten-free","7":"product_cat-protein-cookies","8":"product_tag-proteiinikeksi-en","9":"product_tag-suklaakeksi-en","10":"product_tag-valipalakeksi-en","12":"first","13":"instock","14":"taxable","15":"shipping-taxable","16":"purchasable","17":"product-type-simple","swatches":"rey-swatches","show_selected":"","stretch_labels":"rey-swatches--stretch-labels"},"acf":[],"_links":{"self":[{"href":"https:\/\/www.wildandberg.fi\/en\/wp-json\/wp\/v2\/product\/7527","targetHints":{"allow":["GET"]}}],"collection":[{"href":"https:\/\/www.wildandberg.fi\/en\/wp-json\/wp\/v2\/product"}],"about":[{"href":"https:\/\/www.wildandberg.fi\/en\/wp-json\/wp\/v2\/types\/product"}],"replies":[{"embeddable":true,"href":"https:\/\/www.wildandberg.fi\/en\/wp-json\/wp\/v2\/comments?post=7527"}],"wp:featuredmedia":[{"embeddable":true,"href":"https:\/\/www.wildandberg.fi\/en\/wp-json\/wp\/v2\/media\/7366"}],"wp:attachment":[{"href":"https:\/\/www.wildandberg.fi\/en\/wp-json\/wp\/v2\/media?parent=7527"}],"wp:term":[{"taxonomy":"product_cat","embeddable":true,"href":"https:\/\/www.wildandberg.fi\/en\/wp-json\/wp\/v2\/product_cat?post=7527"},{"taxonomy":"product_tag","embeddable":true,"href":"https:\/\/www.wildandberg.fi\/en\/wp-json\/wp\/v2\/product_tag?post=7527"}],"curies":[{"name":"wp","href":"https:\/\/api.w.org\/{rel}","templated":true}]}}