{"id":7528,"date":"2024-04-16T18:06:39","date_gmt":"2024-04-16T15:06:39","guid":{"rendered":"https:\/\/www.wildandberg.fi\/tuote\/maapahkina-proteiinikeksi-gluteeniton-120-g\/"},"modified":"2024-10-14T13:41:10","modified_gmt":"2024-10-14T10:41:10","slug":"maapahkina-proteiinikeksi-gluteeniton-120-g","status":"publish","type":"product","link":"https:\/\/www.wildandberg.fi\/en\/product\/maapahkina-proteiinikeksi-gluteeniton-120-g\/","title":{"rendered":"Peanut Protein Cookie, glutenfree 120 g"},"content":{"rendered":"<table>\n<tbody>\n<tr>\n<td colspan=\"2\"><b>Ainesosaluettelo ja mahdolliset varoitusmerkinn\u00e4t, allergeenit korostettuna<\/b><\/td>\n<\/tr>\n<tr>\n<td><span style=\"font-weight: 400;\">eng<\/span><\/td>\n<td>PEANUT butter 32%, date 24%, isomalt-oligosaccharide*, whey powder 15% (MILK (origin: Finland), rennet), EGG, gluten-free OAT flakes, rapeseed oil, moisture-retaining agent (glycerol), gluten-free OAT bran, baking powder (leavening agents (E 450i, E 500), corn starch), sea salt *glucose source<\/td>\n<\/tr>\n<tr>\n<td><span style=\"font-weight: 400;\">Ruotsi<\/span><\/td>\n<td><span style=\"font-weight: 400;\">JORDN\u00d6TSsm\u00f6r 32 %, dadlar 24 %, isomalto-oligosackarid*, vasslepulver 15 % (MJ\u00d6LK (ursprung: Finland), ystenzym), \u00c4GG, glutenfri HAVREgryn, rypsolja, <\/span><span style=\"font-weight: 400;\">fuktighetsbevarande medel (glycerol), <\/span><span style=\"font-weight: 400;\">glutenfri HAVREkli, bakpulver (j\u00e4smedel (E 450i, E 500), majsst\u00e4rkelse), havssalt <\/span><span style=\"font-weight: 400;\">*k\u00e4lla till glukos<\/span><\/td>\n<\/tr>\n<\/tbody>\n<\/table>\n<p>&nbsp;<\/p>\n<table style=\"height: 803px;\" width=\"877\">\n<tbody>\n<tr>\n<td colspan=\"2\"><b>Ravintosis\u00e4lt\u00f6 \/ 100 g<\/b><\/p>\n<p><b>N\u00e4ringsinneh\u00e5ll \/ 100 g<\/b><\/td>\n<td><\/td>\n<td><b>Per keksi 30 g<\/b><\/td>\n<td><\/td>\n<\/tr>\n<tr>\n<td rowspan=\"2\"><span style=\"font-weight: 400;\">Energia \/ Energi<\/span><\/td>\n<td><span style=\"font-weight: 400;\">1641<\/span><\/td>\n<td><span style=\"font-weight: 400;\">kJ<\/span><\/td>\n<td><span style=\"font-weight: 400;\">492<\/span><\/td>\n<td><span style=\"font-weight: 400;\">kJ<\/span><\/td>\n<\/tr>\n<tr>\n<td><span style=\"font-weight: 400;\">392<\/span><\/td>\n<td><span style=\"font-weight: 400;\">kcal<\/span><\/td>\n<td><span style=\"font-weight: 400;\">118<\/span><\/td>\n<td><span style=\"font-weight: 400;\">kcal<\/span><\/td>\n<\/tr>\n<tr>\n<td><span style=\"font-weight: 400;\">Rasva \/ Fett<\/span><\/td>\n<td><span style=\"font-weight: 400;\">18<\/span><\/td>\n<td><span style=\"font-weight: 400;\">g<\/span><\/td>\n<td><span style=\"font-weight: 400;\">5,5<\/span><\/td>\n<td><span style=\"font-weight: 400;\">g<\/span><\/td>\n<\/tr>\n<tr>\n<td><span style=\"font-weight: 400;\">josta tyydyttynytt\u00e4 \/ varav m\u00e4ttat fett<\/span><\/td>\n<td><span style=\"font-weight: 400;\">3,2<\/span><\/td>\n<td><span style=\"font-weight: 400;\">g<\/span><\/td>\n<td><span style=\"font-weight: 400;\">1<\/span><\/td>\n<td><span style=\"font-weight: 400;\">g<\/span><\/td>\n<\/tr>\n<tr>\n<td><span style=\"font-weight: 400;\">Hiilihydraatit \/ Kolhydrat<\/span><\/td>\n<td>44<\/td>\n<td><span style=\"font-weight: 400;\">g<\/span><\/td>\n<td><span style=\"font-weight: 400;\">13<\/span><\/td>\n<td><span style=\"font-weight: 400;\">g<\/span><\/td>\n<\/tr>\n<tr>\n<td><span style=\"font-weight: 400;\">josta sokereita \/ varav socker<\/span><\/td>\n<td><span style=\"font-weight: 400;\">20<\/span><\/td>\n<td><span style=\"font-weight: 400;\">g<\/span><\/td>\n<td><span style=\"font-weight: 400;\">6,1<\/span><\/td>\n<td><span style=\"font-weight: 400;\">g<\/span><\/td>\n<\/tr>\n<tr>\n<td><span style=\"font-weight: 400;\">Ravintokuitu \/ N\u00e4ringsfiber<\/span><\/td>\n<td><span style=\"font-weight: 400;\">21<\/span><\/td>\n<td><span style=\"font-weight: 400;\">g<\/span><\/td>\n<td><span style=\"font-weight: 400;\">6,3<\/span><\/td>\n<td><span style=\"font-weight: 400;\">g<\/span><\/td>\n<\/tr>\n<tr>\n<td><span style=\"font-weight: 400;\">Proteiini \/ Protein<\/span><\/td>\n<td><span style=\"font-weight: 400;\">22<\/span><\/td>\n<td><span style=\"font-weight: 400;\">g<\/span><\/td>\n<td><span style=\"font-weight: 400;\">6,7<\/span><\/td>\n<td><span style=\"font-weight: 400;\">g<\/span><\/td>\n<\/tr>\n<tr>\n<td><span style=\"font-weight: 400;\">Suola \/ Salt<\/span><\/td>\n<td><span style=\"font-weight: 400;\">0,6<\/span><\/td>\n<td><span style=\"font-weight: 400;\">g<\/span><\/td>\n<td><span style=\"font-weight: 400;\">0,18<\/span><\/td>\n<td><span style=\"font-weight: 400;\">g<\/span><\/td>\n<\/tr>\n<tr>\n<td><\/td>\n<td><\/td>\n<td><\/td>\n<td><\/td>\n<td><\/td>\n<\/tr>\n<tr>\n<td><span style=\"font-weight: 400;\">laktoosi\/laktos &lt;1,0 g\/100 g<\/span><\/td>\n<td><\/td>\n<td><\/td>\n<td><\/td>\n<td><\/td>\n<\/tr>\n<\/tbody>\n<\/table>\n<p>&nbsp;<\/p>\n<p>Low-lactose \u2013 gluten-free.<\/p>\n<p>Best before: 6 months from the production date<\/p>\n<p>Storage instructions: Store the product at room temperature.<\/p>\n<p>Recycling instructions: Recycle the outer packaging with cardboard recycling and the inner tray with plastic recycling.<\/p>\n<p>A full snack is not only nourishment, but also a moment to pause, take a breath, and recharge just enough to keep the day flowing smoothly. To enjoy a small, delightful taste experience. To get just the right amount of energizing quality fuel for both body and mind.<\/p>\n","protected":false},"excerpt":{"rendered":"<div class=\"flex max-w-full flex-col flex-grow\">\n<div class=\"min-h-8 text-message flex w-full flex-col items-end gap-2 whitespace-normal break-words [.text-message+&amp;]:mt-5\" dir=\"auto\" data-message-author-role=\"assistant\" data-message-id=\"bea3023a-620f-47c8-aa51-5c3e02bf5d45\" data-message-model-slug=\"gpt-4o-mini\">\n<div class=\"flex w-full flex-col gap-1 empty:hidden first:pt-[3px]\">\n<div class=\"markdown prose w-full break-words dark:prose-invert light\">\n<p>If you love peanuts, you definitely have to try these delicious peanut protein cookies! They offer a rich peanut flavor and a high protein content \u2013 and the best part is, they contain no added sugar and no sweeteners!<\/p>\n<p>These tasty cookies get their sweetness from dates, and the full-bodied peanut taste will win you over. You can enjoy these treats completely sugar-free and worry-free. They\u2019re perfect as a snack, post-workout refueling, or just as a treat without the extra sugar load.<\/p>\n<p>This wonderfully uncompromising protein cookie (4x30g) is:<\/p>\n<ul>\n<li>Gluten-free<\/li>\n<li>Low-lactose<\/li>\n<li>High in fiber<\/li>\n<li>Protein-rich<\/li>\n<li>Free from sweeteners and sugar<\/li>\n<li>Made in Kaustinen, Finland<\/li>\n<li>A full snack<\/li>\n<\/ul>\n<p>Perfect for:<\/p>\n<ul>\n<li>Finishing breakfast<\/li>\n<li>With coffee<\/li>\n<li>As a dessert<\/li>\n<li>Or as a snack<\/li>\n<\/ul>\n<\/div>\n<\/div>\n<\/div>\n<\/div>\n<div class=\"mb-2 flex gap-3 empty:hidden -ml-2\">\n<div class=\"items-center justify-start rounded-xl p-1 flex\"><\/div>\n<\/div>\n","protected":false},"featured_media":7375,"comment_status":"open","ping_status":"closed","template":"","meta":{"_acf_changed":false},"product_cat":[154,153],"product_tag":[155,156,157],"class_list":{"0":"post-7528","1":"product","2":"type-product","3":"status-publish","4":"has-post-thumbnail","6":"product_cat-gluten-free","7":"product_cat-protein-cookies","8":"product_tag-proteiinikeksi-en","9":"product_tag-suklaakeksi-en","10":"product_tag-valipalakeksi-en","12":"first","13":"instock","14":"taxable","15":"shipping-taxable","16":"purchasable","17":"product-type-simple","swatches":"rey-swatches","show_selected":"","stretch_labels":"rey-swatches--stretch-labels"},"acf":[],"_links":{"self":[{"href":"https:\/\/www.wildandberg.fi\/en\/wp-json\/wp\/v2\/product\/7528","targetHints":{"allow":["GET"]}}],"collection":[{"href":"https:\/\/www.wildandberg.fi\/en\/wp-json\/wp\/v2\/product"}],"about":[{"href":"https:\/\/www.wildandberg.fi\/en\/wp-json\/wp\/v2\/types\/product"}],"replies":[{"embeddable":true,"href":"https:\/\/www.wildandberg.fi\/en\/wp-json\/wp\/v2\/comments?post=7528"}],"wp:featuredmedia":[{"embeddable":true,"href":"https:\/\/www.wildandberg.fi\/en\/wp-json\/wp\/v2\/media\/7375"}],"wp:attachment":[{"href":"https:\/\/www.wildandberg.fi\/en\/wp-json\/wp\/v2\/media?parent=7528"}],"wp:term":[{"taxonomy":"product_cat","embeddable":true,"href":"https:\/\/www.wildandberg.fi\/en\/wp-json\/wp\/v2\/product_cat?post=7528"},{"taxonomy":"product_tag","embeddable":true,"href":"https:\/\/www.wildandberg.fi\/en\/wp-json\/wp\/v2\/product_tag?post=7528"}],"curies":[{"name":"wp","href":"https:\/\/api.w.org\/{rel}","templated":true}]}}