{"id":7530,"date":"2023-11-30T12:38:47","date_gmt":"2023-11-30T10:38:47","guid":{"rendered":"https:\/\/www.wildandberg.fi\/tuote\/suklaa-kookos-bliss-bite-22-g-proteiinirikas-kookospallo\/"},"modified":"2026-02-04T18:08:14","modified_gmt":"2026-02-04T16:08:14","slug":"suklaa-kookos-bliss-bite-22-g-proteiinirikas-kookospallo","status":"publish","type":"product","link":"https:\/\/www.wildandberg.fi\/en\/product\/suklaa-kookos-bliss-bite-22-g-proteiinirikas-kookospallo\/","title":{"rendered":"Chocolate coconut Bliss Bite 22 g"},"content":{"rendered":"<table>\n<tbody>\n<tr>\n<td colspan=\"2\"><b>Ainesosaluettelo ja mahdolliset varoitusmerkinn\u00e4t, allergeenit korostettuna<\/b><\/td>\n<\/tr>\n<tr>\n<td><span style=\"font-weight: 400;\">English<\/span><\/td>\n<td><span style=\"font-weight: 400;\">Dates, whey powder (MILK (origin: Finland), <\/span><span style=\"font-weight: 400;\">rennet<\/span><span style=\"font-weight: 400;\">), isomalto-oligosaccharide*, OAT flakes, <\/span><span style=\"font-weight: 400;\">rye crispbread<\/span><span style=\"font-weight: 400;\"> (whole grain RYE flour, RYE bran, yeast, salt), dark chocolate 6.1% (sugar, cocoa mass (non-EU), cocoa butter ( non-EU), vegetable fat (palm oil, shea), emulsifier (SOYA lecithin), whole MILK powder, aroma), cocoa powder, rapeseed oil, humectant (glycerol), coconut flakes 4.2%, OAT bran, vanilla powder, rowan berry extract, aromas, salt. *source of glucose. <\/span><span style=\"font-weight: 400;\">May contain traces of nuts, other grains (wheat, barley), eggs, peanuts, and sesame seeds.<\/span><\/td>\n<\/tr>\n<tr>\n<td><span style=\"font-weight: 400;\">Ruotsi<\/span><\/td>\n<td><span style=\"font-weight: 400;\">Dadlar (icke-EU), isomalto-oligosackarid*, vasslepulver 18 % (MJ\u00d6LK (Finland), ystenzym), HAVREgryn, surskorpa (fullkorns R\u00c5Gmj\u00f6l, R\u00c5Gkli, j\u00e4st, salt), m\u00f6rk choklad 6 % (socker, kakaomassa, kakaosm\u00f6r, MJ\u00d6LKfett, emulgeringsmedel (lecitin bl.a. SOJA), arom (vanillin)), rypsolja, fuktighetsbevarande medel (glycerol), kakaopulver, kokosflingor 4,1 %, aromer, HAVREkli, r\u00f6nnb\u00e4rsextrakt, salt. *K\u00e4lla till glukos.<\/span><\/p>\n<p><span style=\"font-weight: 400;\">Kan inneh\u00e5lla sm\u00e5 m\u00e4ngder av n\u00f6tter, andra spannm\u00e5l (vete, korn), \u00e4gg, jordn\u00f6tter ja sesamfr\u00f6n<\/span><\/td>\n<\/tr>\n<\/tbody>\n<\/table>\n<p>&nbsp;<\/p>\n<table style=\"height: 803px;\" width=\"877\">\n<tbody>\n<tr>\n<td colspan=\"2\"><b>Ravintosis\u00e4lt\u00f6 \/ 100 g<\/b><\/p>\n<p><b>N\u00e4ringsinneh\u00e5ll \/ 100 g<\/b><\/td>\n<td><\/td>\n<td><b>Per pallo 22 g<\/b><\/td>\n<td><\/td>\n<\/tr>\n<tr>\n<td rowspan=\"2\"><span style=\"font-weight: 400;\">Energia \/ Energi<\/span><\/td>\n<td><span style=\"font-weight: 400;\">1498,0<\/span><\/td>\n<td><span style=\"font-weight: 400;\">kJ<\/span><\/td>\n<td><span style=\"font-weight: 400;\">328<\/span><\/td>\n<td><span style=\"font-weight: 400;\">kJ<\/span><\/td>\n<\/tr>\n<tr>\n<td><span style=\"font-weight: 400;\">350<\/span><\/td>\n<td><span style=\"font-weight: 400;\">kcal<\/span><\/td>\n<td><span style=\"font-weight: 400;\">77<\/span><\/td>\n<td><span style=\"font-weight: 400;\">kcal<\/span><\/td>\n<\/tr>\n<tr>\n<td><span style=\"font-weight: 400;\">Rasva \/ Fett<\/span><\/td>\n<td><span style=\"font-weight: 400;\">13<\/span><\/td>\n<td><span style=\"font-weight: 400;\">g<\/span><\/td>\n<td><span style=\"font-weight: 400;\">2,8<\/span><\/td>\n<td><span style=\"font-weight: 400;\">g<\/span><\/td>\n<\/tr>\n<tr>\n<td><span style=\"font-weight: 400;\">josta tyydyttynytt\u00e4 \/ varav m\u00e4ttat fett<\/span><\/td>\n<td><span style=\"font-weight: 400;\">5,6<\/span><\/td>\n<td><span style=\"font-weight: 400;\">g<\/span><\/td>\n<td><span style=\"font-weight: 400;\">1,2<\/span><\/td>\n<td><span style=\"font-weight: 400;\">g<\/span><\/td>\n<\/tr>\n<tr>\n<td><span style=\"font-weight: 400;\">Hiilihydraatit \/ Kolhydrat<\/span><\/td>\n<td><span style=\"font-weight: 400;\">49<\/span><\/td>\n<td><span style=\"font-weight: 400;\">g<\/span><\/td>\n<td><span style=\"font-weight: 400;\">11<\/span><\/td>\n<td><span style=\"font-weight: 400;\">g<\/span><\/td>\n<\/tr>\n<tr>\n<td><span style=\"font-weight: 400;\">josta sokereita \/ varav socker<\/span><\/td>\n<td><span style=\"font-weight: 400;\">20<\/span><\/td>\n<td><span style=\"font-weight: 400;\">g<\/span><\/td>\n<td><span style=\"font-weight: 400;\">4,4<\/span><\/td>\n<td><span style=\"font-weight: 400;\">g<\/span><\/td>\n<\/tr>\n<tr>\n<td><span style=\"font-weight: 400;\">Ravintokuitu \/ N\u00e4ringsfiber<\/span><\/td>\n<td><span style=\"font-weight: 400;\">19<\/span><\/td>\n<td><span style=\"font-weight: 400;\">g<\/span><\/td>\n<td><span style=\"font-weight: 400;\">4,2<\/span><\/td>\n<td><span style=\"font-weight: 400;\">g<\/span><\/td>\n<\/tr>\n<tr>\n<td><span style=\"font-weight: 400;\">Proteiini \/ Protein<\/span><\/td>\n<td><span style=\"font-weight: 400;\">18<\/span><\/td>\n<td><span style=\"font-weight: 400;\">g<\/span><\/td>\n<td><span style=\"font-weight: 400;\">4<\/span><\/td>\n<td><span style=\"font-weight: 400;\">g<\/span><\/td>\n<\/tr>\n<tr>\n<td><span style=\"font-weight: 400;\">Suola \/ Salt<\/span><\/td>\n<td><span style=\"font-weight: 400;\">0,35<\/span><\/td>\n<td><span style=\"font-weight: 400;\">g<\/span><\/td>\n<td><span style=\"font-weight: 400;\">0,08<\/span><\/td>\n<td><span style=\"font-weight: 400;\">g<\/span><\/td>\n<\/tr>\n<tr>\n<td><\/td>\n<td><\/td>\n<td><\/td>\n<td><\/td>\n<td><\/td>\n<\/tr>\n<tr>\n<td><span style=\"font-weight: 400;\">Laktoosi \/ Laktos<\/span><\/td>\n<td><span style=\"font-weight: 400;\">0,0<\/span><\/td>\n<td><span style=\"font-weight: 400;\">g<\/span><\/td>\n<td><span style=\"font-weight: 400;\">0,0<\/span><\/td>\n<td><span style=\"font-weight: 400;\">g<\/span><\/td>\n<\/tr>\n<\/tbody>\n<\/table>\n<p>&nbsp;<\/p>\n<p><span style=\"font-weight: 400;\">Tiesitk\u00f6 ett\u00e4:<\/span><\/p>\n<ul>\n<li style=\"font-weight: 400;\" aria-level=\"1\"><span style=\"font-weight: 400;\">Proteiini edist\u00e4\u00e4 lihasmassan kasvua<\/span><\/li>\n<\/ul>\n<p><strong>Parasta ennen: <\/strong><i><span style=\"font-weight: 400;\">6 kk valmistusp\u00e4iv\u00e4st\u00e4<\/span><\/i><\/p>\n<p><span style=\"font-weight: 400;\"><strong>S\u00e4ilytysohje:<\/strong> S\u00e4ilyt\u00e4 tuote huoneenl\u00e4mm\u00f6ss\u00e4<\/span><\/p>\n<p><span style=\"font-weight: 400;\"><strong>Pakkauksen kierr\u00e4tysohje:<\/strong> Kierr\u00e4t\u00e4 ulompi pakkaus kartonkikierr\u00e4tykseen ja sisempi kenno muovinker\u00e4ykseen.\u00a0<\/span><\/p>\n<p><span style=\"font-weight: 400;\">V\u00e4lipala on paitsi ravintoa, my\u00f6s hetki, jolloin pys\u00e4hty\u00e4, heng\u00e4ht\u00e4\u00e4 ja ladata akkuja juuri sen verran, ett\u00e4 p\u00e4iv\u00e4 rullaa notkeasti eteenp\u00e4in. Nauttia pienest\u00e4 ilahduttavasta makuel\u00e4myksest\u00e4. Saada juuri oikea m\u00e4\u00e4r\u00e4 pirist\u00e4v\u00e4\u00e4 laatuenergiaa keholle ja mielelle.<\/span><\/p>\n","protected":false},"excerpt":{"rendered":"<p>Jos kookospallot ovat syd\u00e4nt\u00e4si l\u00e4hell\u00e4, t\u00e4m\u00e4 on ehdoton sallittu herkku sinulle. Kuvittele herkullinen yhdistelm\u00e4 kookosta, kahvia, vaniljaa ja korkealaatuista suklaata, sulautettuna huolellisesti kauraan, hapankorppuun ja taateliin. T\u00e4ss\u00e4 makumaailmassa ei ole lis\u00e4tty\u00e4 sokeria, keinotekoisia makeutusaineita tai s\u00e4il\u00f6nt\u00e4aineita \u2013 pelkk\u00e4\u00e4 absoluuttista herkullisuutta. Kotimainen hera antaa t\u00e4lle proteiinipallolle potkua, ja sen helppo mukaan otettavuus tekee siit\u00e4 t\u00e4ydellisen kumppanin ennen treeni\u00e4, treenin j\u00e4lkeen tai aina kun tarvitset p\u00e4iv\u00e4llesi lis\u00e4\u00e4 boostia.<\/p>\n<p><strong>T\u00e4m\u00e4 ilahduttavan tinkim\u00e4t\u00f6n proteiinipallo on:<\/strong><\/p>\n<ul>\n<li>Runsaskuituinen<\/li>\n<li>Proteiinirikas<\/li>\n<li>Laktoositon<\/li>\n<li>Ilman makeutusaineita<\/li>\n<li>T\u00e4ysv\u00e4lipala<\/li>\n<\/ul>\n<p><strong>Sopii:<\/strong><\/p>\n<ul>\n<li>Aamupalan p\u00e4\u00e4tteeksi<\/li>\n<li>Kahvin kanssa<\/li>\n<li>Treenin ennen tai j\u00e4lkeen<\/li>\n<li>J\u00e4lkk\u00e4riksi<\/li>\n<\/ul>\n<p>Tee terveellisest\u00e4 herkuttelusta uusi iloinen tapa ja tilaa Bliss Bitesin kookos-kahvi proteiinipallot nyt!<\/p>\n<p><strong>My\u00f6s saatavilla kokonaisena laatikkona 26 kpl \u2013 eli jos tilaat 26 kpl, saat myyntilaatikon kaupan p\u00e4\u00e4lle!<\/strong><\/p>\n","protected":false},"featured_media":7718,"comment_status":"open","ping_status":"closed","template":"","meta":{"_acf_changed":false},"product_cat":[158],"product_tag":[],"class_list":{"0":"post-7530","1":"product","2":"type-product","3":"status-publish","4":"has-post-thumbnail","6":"product_cat-blissbites","8":"first","9":"instock","10":"taxable","11":"shipping-taxable","12":"purchasable","13":"product-type-simple","swatches":"rey-swatches","show_selected":"","stretch_labels":"rey-swatches--stretch-labels"},"acf":[],"_links":{"self":[{"href":"https:\/\/www.wildandberg.fi\/en\/wp-json\/wp\/v2\/product\/7530","targetHints":{"allow":["GET"]}}],"collection":[{"href":"https:\/\/www.wildandberg.fi\/en\/wp-json\/wp\/v2\/product"}],"about":[{"href":"https:\/\/www.wildandberg.fi\/en\/wp-json\/wp\/v2\/types\/product"}],"replies":[{"embeddable":true,"href":"https:\/\/www.wildandberg.fi\/en\/wp-json\/wp\/v2\/comments?post=7530"}],"wp:featuredmedia":[{"embeddable":true,"href":"https:\/\/www.wildandberg.fi\/en\/wp-json\/wp\/v2\/media\/7718"}],"wp:attachment":[{"href":"https:\/\/www.wildandberg.fi\/en\/wp-json\/wp\/v2\/media?parent=7530"}],"wp:term":[{"taxonomy":"product_cat","embeddable":true,"href":"https:\/\/www.wildandberg.fi\/en\/wp-json\/wp\/v2\/product_cat?post=7530"},{"taxonomy":"product_tag","embeddable":true,"href":"https:\/\/www.wildandberg.fi\/en\/wp-json\/wp\/v2\/product_tag?post=7530"}],"curies":[{"name":"wp","href":"https:\/\/api.w.org\/{rel}","templated":true}]}}