{"id":7531,"date":"2023-11-30T12:21:49","date_gmt":"2023-11-30T10:21:49","guid":{"rendered":"https:\/\/www.wildandberg.fi\/tuote\/mustikka-kardemumma-bliss-bite-gluteeniton-proteiinipallo-22-g\/"},"modified":"2026-05-05T15:49:37","modified_gmt":"2026-05-05T12:49:37","slug":"mustikka-kardemumma-bliss-bite-gluteeniton-proteiinipallo-22-g","status":"publish","type":"product","link":"https:\/\/www.wildandberg.fi\/en\/product\/mustikka-kardemumma-bliss-bite-gluteeniton-proteiinipallo-22-g\/","title":{"rendered":"Blueberry cardamom Bliss Bite glutenfree 22 g"},"content":{"rendered":"<table>\n<tbody>\n<tr>\n<td colspan=\"2\"><b>Ainesosaluettelo ja mahdolliset varoitusmerkinn\u00e4t, allergeenit korostettuna<\/b><\/td>\n<\/tr>\n<tr>\n<td><span style=\"font-weight: 400;\">English<\/span><\/td>\n<td><span style=\"font-weight: 400;\">Dates (non-EU), whey powder 19% (MILK (Finland), rennet), isomalto-oligosaccharide*, gluten-free OAT flakes, dried blueberries 7.1% (blueberries (74%), sugar, sunflower oil), white chocolate 4.8% (sugar, cocoa butter, whole MILK powder, emulsifier (sunflower lecithin), flavoring), canola oil, humectant (glycerol), blueberry powder 3.6%, gluten-free OAT bran, flavorings, rowanberry extract, cardamom, salt. * Source of glucose<\/span><\/p>\n<p><span style=\"font-weight: 400;\">May contain traces of hazelnuts.<\/span><\/td>\n<\/tr>\n<tr>\n<td><span style=\"font-weight: 400;\">Ruotsi<\/span><\/td>\n<td><span style=\"font-weight: 400;\">Dadlar, vasslepulver (MJ\u00d6LK (ursprung: Finland), ystenzym), isomalto-oligosackarid*, bl\u00e5b\u00e4r FI (10,7 %), glutenfri HAVREgryn, vit choklad (socker, kakaosm\u00f6r (icke-EU), helMJ\u00d6LKSpulver, emulgeringsmedel (solroslecitin), arom), rypsolja, fuktighetsbevarande medel (glycerol), glutenfri HAVREkli, naturliga aromer, r\u00f6nnb\u00e4rsextrakt, kardemumma, salt.<\/span><\/p>\n<p><span style=\"font-weight: 400;\">*k\u00e4lla till glukos<\/span><\/p>\n<p>&nbsp;<\/p>\n<p><span style=\"font-weight: 400;\">Kan inneh\u00e5lla sm\u00e5 m\u00e4ngder n\u00f6t. Glutenfri. Laktosfattig. Vi anv\u00e4nder endast finska bl\u00e5b\u00e4r.\u00a0<\/span><\/td>\n<\/tr>\n<\/tbody>\n<\/table>\n<p>&nbsp;<\/p>\n<table style=\"height: 803px;\" width=\"877\">\n<tbody>\n<tr>\n<td colspan=\"2\"><b>Ravintosis\u00e4lt\u00f6 \/ 100 g<\/b><\/p>\n<p><b>N\u00e4ringsinneh\u00e5ll \/ 100 g<\/b><\/td>\n<td><\/td>\n<td><b>Per pallo 22 g<\/b><\/td>\n<td><\/td>\n<\/tr>\n<tr>\n<td rowspan=\"2\"><span style=\"font-weight: 400;\">Energia \/ Energi<\/span><\/td>\n<td><span style=\"font-weight: 400;\">1416<\/span><\/td>\n<td><span style=\"font-weight: 400;\">kJ<\/span><\/td>\n<td><span style=\"font-weight: 400;\">311<\/span><\/td>\n<td><span style=\"font-weight: 400;\">kJ<\/span><\/td>\n<\/tr>\n<tr>\n<td><span style=\"font-weight: 400;\">332<\/span><\/td>\n<td><span style=\"font-weight: 400;\">kcal<\/span><\/td>\n<td><span style=\"font-weight: 400;\">73<\/span><\/td>\n<td><span style=\"font-weight: 400;\">kcal<\/span><\/td>\n<\/tr>\n<tr>\n<td><span style=\"font-weight: 400;\">Rasva \/ Fett<\/span><\/td>\n<td><span style=\"font-weight: 400;\">9<\/span><\/td>\n<td><span style=\"font-weight: 400;\">g<\/span><\/td>\n<td><span style=\"font-weight: 400;\">1,9<\/span><\/td>\n<td><span style=\"font-weight: 400;\">g<\/span><\/td>\n<\/tr>\n<tr>\n<td><span style=\"font-weight: 400;\">josta tyydyttynytt\u00e4 \/ varav m\u00e4ttat fett<\/span><\/td>\n<td><span style=\"font-weight: 400;\">2,4<\/span><\/td>\n<td><span style=\"font-weight: 400;\">g<\/span><\/td>\n<td><span style=\"font-weight: 400;\">0,5<\/span><\/td>\n<td><span style=\"font-weight: 400;\">g<\/span><\/td>\n<\/tr>\n<tr>\n<td><span style=\"font-weight: 400;\">Hiilihydraatit \/ Kolhydrat<\/span><\/td>\n<td><span style=\"font-weight: 400;\">53<\/span><\/td>\n<td><span style=\"font-weight: 400;\">g<\/span><\/td>\n<td><span style=\"font-weight: 400;\">12<\/span><\/td>\n<td><span style=\"font-weight: 400;\">g<\/span><\/td>\n<\/tr>\n<tr>\n<td><span style=\"font-weight: 400;\">josta sokereita \/ varav socker<\/span><\/td>\n<td><span style=\"font-weight: 400;\">26<\/span><\/td>\n<td><span style=\"font-weight: 400;\">g<\/span><\/td>\n<td><span style=\"font-weight: 400;\">5,7<\/span><\/td>\n<td><span style=\"font-weight: 400;\">g<\/span><\/td>\n<\/tr>\n<tr>\n<td><span style=\"font-weight: 400;\">Ravintokuitu \/ N\u00e4ringsfiber<\/span><\/td>\n<td><span style=\"font-weight: 400;\">18<\/span><\/td>\n<td><span style=\"font-weight: 400;\">g<\/span><\/td>\n<td><span style=\"font-weight: 400;\">3,9<\/span><\/td>\n<td><span style=\"font-weight: 400;\">g<\/span><\/td>\n<\/tr>\n<tr>\n<td><span style=\"font-weight: 400;\">Proteiini \/ Protein<\/span><\/td>\n<td><span style=\"font-weight: 400;\">18<\/span><\/td>\n<td><span style=\"font-weight: 400;\">g<\/span><\/td>\n<td><span style=\"font-weight: 400;\">4<\/span><\/td>\n<td><span style=\"font-weight: 400;\">g<\/span><\/td>\n<\/tr>\n<tr>\n<td><span style=\"font-weight: 400;\">Suola \/ Salt<\/span><\/td>\n<td><span style=\"font-weight: 400;\">0,21<\/span><\/td>\n<td><span style=\"font-weight: 400;\">g<\/span><\/td>\n<td><span style=\"font-weight: 400;\">0,05<\/span><\/td>\n<td><span style=\"font-weight: 400;\">g<\/span><\/td>\n<\/tr>\n<tr>\n<td><\/td>\n<td><\/td>\n<td><\/td>\n<td><\/td>\n<td><\/td>\n<\/tr>\n<tr>\n<td><span style=\"font-weight: 400;\">Laktoosi \/ Laktos<\/span><\/td>\n<td><span style=\"font-weight: 400;\">0,5<\/span><\/td>\n<td><span style=\"font-weight: 400;\">g<\/span><\/td>\n<td><span style=\"font-weight: 400;\">0,1<\/span><\/td>\n<td><span style=\"font-weight: 400;\">g<\/span><\/td>\n<\/tr>\n<\/tbody>\n<\/table>\n<p>&nbsp;<\/p>\n<p><span style=\"font-weight: 400;\">Tiesitk\u00f6 ett\u00e4:<\/span><\/p>\n<ul>\n<li style=\"font-weight: 400;\" aria-level=\"1\"><span style=\"font-weight: 400;\">Proteiini edist\u00e4\u00e4 lihasmassan kasvua<\/span><\/li>\n<\/ul>\n<p><strong>Parasta ennen: <\/strong><i><span style=\"font-weight: 400;\">6 kk valmistusp\u00e4iv\u00e4st\u00e4<\/span><\/i><\/p>\n<p><span style=\"font-weight: 400;\"><strong>S\u00e4ilytysohje:<\/strong> S\u00e4ilyt\u00e4 tuote kuivassa ja viile\u00e4ss\u00e4<\/span><\/p>\n<p><span style=\"font-weight: 400;\"><strong>Pakkauksen kierr\u00e4tysohje:<\/strong> Kierr\u00e4t\u00e4 ulompi pakkaus kartonkikierr\u00e4tykseen ja sisempi kenno muovinker\u00e4ykseen.\u00a0<\/span><\/p>\n<p><span style=\"font-weight: 400;\">V\u00e4lipala on paitsi ravintoa, my\u00f6s hetki, jolloin pys\u00e4hty\u00e4, heng\u00e4ht\u00e4\u00e4 ja ladata akkuja juuri sen verran, ett\u00e4 p\u00e4iv\u00e4 rullaa notkeasti eteenp\u00e4in. Nauttia pienest\u00e4 ilahduttavasta makuel\u00e4myksest\u00e4. Saada juuri oikea m\u00e4\u00e4r\u00e4 pirist\u00e4v\u00e4\u00e4 laatuenergiaa keholle ja mielelle.<\/span><\/p>\n","protected":false},"excerpt":{"rendered":"<p>Tervetuloa Bliss Bitesin herkulliseen maailmaan! Jos rakastat makunystyr\u00f6it\u00e4 hivelev\u00e4\u00e4 yhdistelm\u00e4\u00e4 mustikkaa ja kardemummaa, olet oikeassa paikassa. Esittelemme ylpein\u00e4 uutuutemme: Mustikka-kardemumma proteiinirikkaat taatelipallot.<\/p>\n<p>T\u00e4m\u00e4 ainutlaatuinen herkku on kuin pieni makumatka Suomen metsiin, sill\u00e4 siin\u00e4 on yli 10 % suomalaista mustikkaa \u2013 niin kuivattuna kuin herkullisena mustikkajauheenakin. Lis\u00e4ksi ainesosalistallamme kunnioitetaan terveellist\u00e4 herkuttelua: taatelit, kotimainen hera, gluteenittomat kaurahiutaleet, kuitupitoinen oligosakkaridi ja 5 % valkosuklaata.<\/p>\n<p>N\u00e4m\u00e4 taatelipallot eiv\u00e4t vain hivele makuhermojasi herkullisuudellaan, vaan tarjoavat my\u00f6s ravinteikkaan vaihtoehdon makeann\u00e4lk\u00e4\u00e4n. Mustikka-kardemumma yhdistettyn\u00e4 valkosuklaan makeuteen luo t\u00e4ydellisen tasapainon herkutteluhetkeesi.<\/p>\n<p><strong style=\"background-color: var(--body-bg-color); color: var(--body-color); font-family: var(--body-font-family),sans-serif; font-size: 1.125rem;\">T\u00e4m\u00e4 ilahduttavan tinkim\u00e4t\u00f6n proteiinipallo on:\u00a0<\/strong><\/p>\n<ul>\n<li>gluteeniton<\/li>\n<li><span style=\"font-weight: 400;\">r<\/span><span style=\"font-weight: 400;\">unsaskuituinen<\/span><\/li>\n<li><span style=\"font-weight: 400;\">proteiinirikas<\/span><\/li>\n<li><span style=\"font-weight: 400;\">v\u00e4h\u00e4laktoositon<\/span><\/li>\n<li><span style=\"font-weight: 400;\">ilman makeutusaineita<\/span><\/li>\n<li><span style=\"font-weight: 400;\">valmistettu Kaustisella<\/span><\/li>\n<li><span style=\"font-weight: 400;\">t\u00e4ysv\u00e4lipala<\/span><\/li>\n<\/ul>\n<p><strong>Sopii:<\/strong><\/p>\n<ul>\n<li style=\"font-weight: 400;\" aria-level=\"1\"><span style=\"font-weight: 400;\">aamupalan p\u00e4\u00e4tteeksi<\/span><\/li>\n<li style=\"font-weight: 400;\" aria-level=\"1\"><span style=\"font-weight: 400;\">kahvin kanssa<\/span><\/li>\n<li style=\"font-weight: 400;\" aria-level=\"1\"><span style=\"font-weight: 400;\">treenin ennen tai j\u00e4lkeen<\/span><\/li>\n<li style=\"font-weight: 400;\" aria-level=\"1\"><span style=\"font-weight: 400;\">j\u00e4lkk\u00e4riksi<\/span><\/li>\n<\/ul>\n<p>Tee terveellisest\u00e4 herkuttelusta uusi iloinen tapa ja tilaa Bliss Bitesin mustikka-kardemumma proteiinirikkaat taatelipallot nyt.<\/p>\n<p><strong>My\u00f6s saatavilla kokonaisena laatikkona 26 kpl \u2013 eli jos tilaat 26 kpl, saat myyntilaatikon kaupan p\u00e4\u00e4lle!<\/strong><\/p>\n","protected":false},"featured_media":8375,"comment_status":"open","ping_status":"closed","template":"","meta":{"_acf_changed":false},"product_cat":[78,152],"product_tag":[147,146,105],"class_list":{"0":"post-7531","1":"product","2":"type-product","3":"status-publish","4":"has-post-thumbnail","6":"product_cat-proteiinipallot","7":"product_cat-gluteenitonta","8":"product_tag-bliss-bite","9":"product_tag-mustikka","10":"product_tag-proteiinipallo","12":"first","13":"instock","14":"taxable","15":"shipping-taxable","16":"purchasable","17":"product-type-simple","swatches":"rey-swatches","show_selected":"","stretch_labels":"rey-swatches--stretch-labels"},"acf":[],"_links":{"self":[{"href":"https:\/\/www.wildandberg.fi\/en\/wp-json\/wp\/v2\/product\/7531","targetHints":{"allow":["GET"]}}],"collection":[{"href":"https:\/\/www.wildandberg.fi\/en\/wp-json\/wp\/v2\/product"}],"about":[{"href":"https:\/\/www.wildandberg.fi\/en\/wp-json\/wp\/v2\/types\/product"}],"replies":[{"embeddable":true,"href":"https:\/\/www.wildandberg.fi\/en\/wp-json\/wp\/v2\/comments?post=7531"}],"wp:featuredmedia":[{"embeddable":true,"href":"https:\/\/www.wildandberg.fi\/en\/wp-json\/wp\/v2\/media\/8375"}],"wp:attachment":[{"href":"https:\/\/www.wildandberg.fi\/en\/wp-json\/wp\/v2\/media?parent=7531"}],"wp:term":[{"taxonomy":"product_cat","embeddable":true,"href":"https:\/\/www.wildandberg.fi\/en\/wp-json\/wp\/v2\/product_cat?post=7531"},{"taxonomy":"product_tag","embeddable":true,"href":"https:\/\/www.wildandberg.fi\/en\/wp-json\/wp\/v2\/product_tag?post=7531"}],"curies":[{"name":"wp","href":"https:\/\/api.w.org\/{rel}","templated":true}]}}