{"id":8646,"date":"2024-12-05T08:44:42","date_gmt":"2024-12-05T06:44:42","guid":{"rendered":"https:\/\/www.wildandberg.fi\/?post_type=product&#038;p=8646"},"modified":"2024-12-05T09:36:46","modified_gmt":"2024-12-05T07:36:46","slug":"double-chocolate-protein-cookie-glutenfree-120-g-kopio","status":"publish","type":"product","link":"https:\/\/www.wildandberg.fi\/en\/product\/double-chocolate-protein-cookie-glutenfree-120-g-kopio\/","title":{"rendered":"Double Chocolate Protein Cookie, glutenfree 45g"},"content":{"rendered":"<table>\n<tbody>\n<tr>\n<td colspan=\"2\"><b>Ainesosaluettelo ja mahdolliset varoitusmerkinn\u00e4t, allergeenit korostettuna<\/b><\/td>\n<\/tr>\n<tr>\n<td><span style=\"font-weight: 400;\">Suomi<\/span><\/td>\n<td>Date 36%, isomalt-oligosaccharide*, whey powder 19% (MILK (origin: Finland), rennet), rapeseed oil, dark chocolate 6.7% (sugar, cocoa mass, cocoa butter, MILK fat, emulsifier (SOYA lecithin), flavor), gluten-free OAT flakes, cocoa powder, moisture-retaining agent (glycerol), milk chocolate 1.4% (MILK, sugar, cocoa butter, cocoa mass, emulsifier (SOYA lecithin), salt, flavor), baking powder (leavening agents (E 450i, E 500), corn starch), vanilla flavor, gluten-free OAT bran, salt. *glucose source<\/p>\n<p>May contain small amounts of nuts.<\/td>\n<\/tr>\n<tr>\n<td><span style=\"font-weight: 400;\">Ruotsi<\/span><\/td>\n<td><span style=\"font-weight: 400;\">Dadlar 36 %, isomalto-oligosackarid*, vasslepulver 19 % (MJ\u00d6LK (ursprung: Finland), ystenzym), rypsolja, m\u00f6rk choklad 6,7 % (socker, kakaomassa, kakaosm\u00f6r, MJ\u00d6LKfett, emulgeringsmedel (SOJAlecitin), arom), glutenfri HAVREgryn, kakaopulver, fuktighetsbevarande medel (glycerol), mj\u00f6lkchoklad 1,4 % (MJ\u00d6LK, socker, kakaosm\u00f6r, kakaomassa, emulgeringsmedel (SOJAlecitin), salt, arom), bakpulver (j\u00e4smedel (E 450i, E 500), vanilj arom, glutenfri HAVREkli, salt. <\/span><span style=\"font-weight: 400;\">*k\u00e4lla till glukos<\/span><\/p>\n<p><span style=\"font-weight: 400;\">Kan inneh\u00e5lla sm\u00e5 m\u00e4ngder av n\u00f6tter.<\/span><\/td>\n<\/tr>\n<\/tbody>\n<\/table>\n<p>&nbsp;<\/p>\n<table style=\"height: 803px;\" width=\"877\">\n<tbody>\n<tr>\n<td colspan=\"2\"><b>Ravintosis\u00e4lt\u00f6 \/ 100 g<\/b><\/p>\n<p><b>N\u00e4ringsinneh\u00e5ll \/ 100 g<\/b><\/td>\n<td><\/td>\n<td><\/td>\n<td><\/td>\n<\/tr>\n<tr>\n<td rowspan=\"2\"><span style=\"font-weight: 400;\">Energia \/ Energi<\/span><\/td>\n<td><span style=\"font-weight: 400;\">1675<\/span><\/td>\n<td><span style=\"font-weight: 400;\">kJ<\/span><\/td>\n<td><\/td>\n<td><\/td>\n<\/tr>\n<tr>\n<td><span style=\"font-weight: 400;\">397<\/span><\/td>\n<td><span style=\"font-weight: 400;\">kcal<\/span><\/td>\n<td><\/td>\n<td><\/td>\n<\/tr>\n<tr>\n<td><span style=\"font-weight: 400;\">Rasva \/ Fett<\/span><\/td>\n<td><span style=\"font-weight: 400;\">16<\/span><\/td>\n<td><span style=\"font-weight: 400;\">g<\/span><\/td>\n<td><\/td>\n<td><\/td>\n<\/tr>\n<tr>\n<td><span style=\"font-weight: 400;\">josta tyydyttynytt\u00e4 \/ varav m\u00e4ttat fett<\/span><\/td>\n<td><span style=\"font-weight: 400;\">4<\/span><\/td>\n<td><span style=\"font-weight: 400;\">g<\/span><\/td>\n<td><\/td>\n<td><\/td>\n<\/tr>\n<tr>\n<td><span style=\"font-weight: 400;\">Hiilihydraatit \/ Kolhydrat<\/span><\/td>\n<td>56<\/td>\n<td><span style=\"font-weight: 400;\">g<\/span><\/td>\n<td><\/td>\n<td><\/td>\n<\/tr>\n<tr>\n<td><span style=\"font-weight: 400;\">josta sokereita \/ varav socker<\/span><\/td>\n<td><span style=\"font-weight: 400;\">30<\/span><\/td>\n<td><span style=\"font-weight: 400;\">g<\/span><\/td>\n<td><\/td>\n<td><\/td>\n<\/tr>\n<tr>\n<td><span style=\"font-weight: 400;\">Ravintokuitu \/ N\u00e4ringsfiber<\/span><\/td>\n<td><span style=\"font-weight: 400;\">20<\/span><\/td>\n<td><span style=\"font-weight: 400;\">g<\/span><\/td>\n<td><\/td>\n<td><\/td>\n<\/tr>\n<tr>\n<td><span style=\"font-weight: 400;\">Proteiini \/ Protein<\/span><\/td>\n<td><span style=\"font-weight: 400;\">19<\/span><\/td>\n<td><span style=\"font-weight: 400;\">g<\/span><\/td>\n<td><\/td>\n<td><\/td>\n<\/tr>\n<tr>\n<td><span style=\"font-weight: 400;\">Suola \/ Salt<\/span><\/td>\n<td><span style=\"font-weight: 400;\">0,48<\/span><\/td>\n<td><span style=\"font-weight: 400;\">g<\/span><\/td>\n<td><\/td>\n<td><\/td>\n<\/tr>\n<tr>\n<td><\/td>\n<td><\/td>\n<td><\/td>\n<td><\/td>\n<td><\/td>\n<\/tr>\n<tr>\n<td><span style=\"font-weight: 400;\">laktoosi\/laktos &lt;1,0 g\/100 g<\/span><\/td>\n<td><\/td>\n<td><\/td>\n<td><\/td>\n<td><\/td>\n<\/tr>\n<\/tbody>\n<\/table>\n<p>&nbsp;<\/p>\n<p>Low-lactose \u2013 gluten-free.<\/p>\n<p>Best before: 6 months from the production date<\/p>\n<p>Storage instructions: Store the product at room temperature.<\/p>\n<p>Recycling instructions: plastic recycling.<\/p>\n<p>A full snack is not only nourishment, but also a moment to pause, take a breath, and recharge just enough to keep the day flowing smoothly. To enjoy a small, delightful taste experience. To get just the right amount of energizing quality fuel for both body and mind.<\/p>\n","protected":false},"excerpt":{"rendered":"<div class=\"flex-1 overflow-hidden\">\n<div class=\"h-full\">\n<div class=\"react-scroll-to-bottom--css-zgswh-79elbk h-full\">\n<div class=\"react-scroll-to-bottom--css-zgswh-1n7m0yu\">\n<div class=\"flex flex-col text-sm md:pb-9\">\n<article class=\"w-full text-token-text-primary focus-visible:outline-2 focus-visible:outline-offset-[-4px]\" dir=\"auto\" data-testid=\"conversation-turn-21\" data-scroll-anchor=\"true\">\n<div class=\"m-auto text-base py-[18px] px-3 md:px-4 w-full md:px-5 lg:px-4 xl:px-5\">\n<div class=\"mx-auto flex flex-1 gap-4 text-base md:gap-5 lg:gap-6 md:max-w-3xl lg:max-w-[40rem] xl:max-w-[48rem]\">\n<div class=\"group\/conversation-turn relative flex w-full min-w-0 flex-col agent-turn\">\n<div class=\"flex-col gap-1 md:gap-3\">\n<div class=\"flex max-w-full flex-col flex-grow\">\n<div class=\"min-h-8 text-message flex w-full flex-col items-end gap-2 whitespace-normal break-words [.text-message+&amp;]:mt-5\" dir=\"auto\" data-message-author-role=\"assistant\" data-message-id=\"a6ba63f0-582a-48f9-aaa7-fceae5e9b99d\" data-message-model-slug=\"gpt-4o\">\n<div class=\"flex w-full flex-col gap-1 empty:hidden first:pt-[3px]\">\n<div class=\"markdown prose w-full break-words dark:prose-invert light\">\n<p>Do you crave a treat with your coffee but want to choose something healthier? Time for a healthy Fika? No worries, we have the solution for you! Wild&amp;Berg&#8217;s full snack protein cookies are the perfect option. These double chocolate cookies are delightfully soft, containing no added sugar, butter, or gluten. They\u2019re also egg-free but still taste delicious.<\/p>\n<p>These chocolaty, protein-rich, and fiber-filled cookies are an ideal choice for healthy indulgence. Give them a try, and you\u2019ll find they offer the perfect balance between sweetness and nourishment. Dive into a taste sensation!<\/p>\n<p>This delightful and uncompromising protein cookie is:<\/p>\n<ul>\n<li>Gluten-free<\/li>\n<li>Low-lactose<\/li>\n<li>High in fiber<\/li>\n<li>Protein-rich<\/li>\n<li>Free from sweeteners<\/li>\n<li>Made in Kaustinen<\/li>\n<li>A full snack!<\/li>\n<\/ul>\n<p>Perfect for:<\/p>\n<ul>\n<li>Finishing breakfast<\/li>\n<li>With coffee<\/li>\n<li>As a dessert<\/li>\n<li>Or as a snack<\/li>\n<li>On the go<\/li>\n<\/ul>\n<\/div>\n<\/div>\n<\/div>\n<\/div>\n<div class=\"mb-2 flex gap-3 empty:hidden -ml-2\">\n<div class=\"items-center justify-start rounded-xl p-1 flex\"><\/div>\n<\/div>\n<div class=\"pr-2 lg:pr-0\"><\/div>\n<div class=\"mt-3 w-full empty:hidden\">\n<div class=\"text-center\"><\/div>\n<\/div>\n<\/div>\n<div class=\"absolute\">\n<div class=\"flex items-center justify-center\"><\/div>\n<\/div>\n<\/div>\n<\/div>\n<\/div>\n<\/article>\n<\/div>\n<\/div>\n<\/div>\n<\/div>\n<\/div>\n<div class=\"md:pt-0 dark:border-white\/20 md:border-transparent md:dark:border-transparent w-full\">\n<div>\n<div class=\"m-auto text-base px-3 md:px-4 w-full md:px-5 lg:px-4 xl:px-5\">\n<div class=\"mx-auto flex flex-1 gap-4 text-base md:gap-5 lg:gap-6 md:max-w-3xl lg:max-w-[40rem] xl:max-w-[48rem]\">\n<form class=\"w-full\" aria-haspopup=\"dialog\" aria-expanded=\"false\" aria-controls=\"radix-:R6j4pai4lj5:\" data-state=\"closed\">\n<div class=\"relative flex h-full max-w-full flex-1 flex-col\">\n<div class=\"absolute bottom-full left-0 right-0 z-20\"><\/div>\n<\/div>\n<\/form>\n<\/div>\n<\/div>\n<\/div>\n<\/div>\n","protected":false},"featured_media":9299,"comment_status":"open","ping_status":"closed","template":"","meta":{"_acf_changed":false},"product_cat":[154,153],"product_tag":[155,156,157],"class_list":{"0":"post-8646","1":"product","2":"type-product","3":"status-publish","4":"has-post-thumbnail","6":"product_cat-gluten-free","7":"product_cat-protein-cookies","8":"product_tag-proteiinikeksi-en","9":"product_tag-suklaakeksi-en","10":"product_tag-valipalakeksi-en","12":"first","13":"instock","14":"taxable","15":"shipping-taxable","16":"purchasable","17":"product-type-simple","swatches":"rey-swatches","show_selected":"","stretch_labels":"rey-swatches--stretch-labels"},"acf":[],"_links":{"self":[{"href":"https:\/\/www.wildandberg.fi\/en\/wp-json\/wp\/v2\/product\/8646","targetHints":{"allow":["GET"]}}],"collection":[{"href":"https:\/\/www.wildandberg.fi\/en\/wp-json\/wp\/v2\/product"}],"about":[{"href":"https:\/\/www.wildandberg.fi\/en\/wp-json\/wp\/v2\/types\/product"}],"replies":[{"embeddable":true,"href":"https:\/\/www.wildandberg.fi\/en\/wp-json\/wp\/v2\/comments?post=8646"}],"wp:featuredmedia":[{"embeddable":true,"href":"https:\/\/www.wildandberg.fi\/en\/wp-json\/wp\/v2\/media\/9299"}],"wp:attachment":[{"href":"https:\/\/www.wildandberg.fi\/en\/wp-json\/wp\/v2\/media?parent=8646"}],"wp:term":[{"taxonomy":"product_cat","embeddable":true,"href":"https:\/\/www.wildandberg.fi\/en\/wp-json\/wp\/v2\/product_cat?post=8646"},{"taxonomy":"product_tag","embeddable":true,"href":"https:\/\/www.wildandberg.fi\/en\/wp-json\/wp\/v2\/product_tag?post=8646"}],"curies":[{"name":"wp","href":"https:\/\/api.w.org\/{rel}","templated":true}]}}