{"id":9622,"date":"2025-08-12T12:40:09","date_gmt":"2025-08-12T09:40:09","guid":{"rendered":"https:\/\/www.wildandberg.fi\/?post_type=product&#038;p=9622"},"modified":"2025-08-13T12:08:47","modified_gmt":"2025-08-13T09:08:47","slug":"mint-chocolate-protein-bar-kopio-kopio-2","status":"publish","type":"product","link":"https:\/\/www.wildandberg.fi\/en\/product\/mint-chocolate-protein-bar-kopio-kopio-2\/","title":{"rendered":"Mix protein bars"},"content":{"rendered":"<table>\n<tbody>\n<tr>\n<td colspan=\"2\"><b>List of ingredients &amp; nutritional content<\/b><\/td>\n<\/tr>\n<tr>\n<td><span style=\"font-weight: 400;\">Suomi<\/span><\/td>\n<td><span style=\"font-weight: 400;\">Dates, whey powder (MILK (origin: Finland), cheese enzyme), isomalto-oligosaccharide*, OAT groats, sour crust (whole grain RYE flour, RYE bran, yeast, salt), dark chocolate 7.4% (sugar, cocoa mass, cocoa butter, dextrose, emulsifier (sunflower lecithin )), cocoa powder, rapeseed oil, humectant (glycerol), OAT bran, natural mint flavor, rowan berry extract, salt.<\/span><\/p>\n<p><span style=\"font-weight: 400;\">*source of glucose.<\/span><\/p>\n<p><span style=\"font-weight: 400;\">May contain small amounts of nuts.<\/span><\/td>\n<\/tr>\n<tr>\n<td><span style=\"font-weight: 400;\">Ruotsi<\/span><\/td>\n<td><span style=\"font-weight: 400;\">Dadlar, vasslepulver (MJ\u00d6LK (ursprung: Finland), ystenzym), isomalto-oligosackarid*, HAVREgryn, surskorpa (fullkornsR\u00c5Gmj\u00f6l, R\u00c5Gkli, j\u00e4st, salt), m\u00f6rk choklad 7,6 % (socker, kakaomassa (icke-EU), kakaosm\u00f6r (icke-EU), vegetabiliskt fett (palmolja, shea), emulgeringsmedel (SOJAlecitin), helMJ\u00d6LKSpulver, arom), kakaopulver, rypsolja, fuktighetsbevarande medel (glycerol), HAVREkli, naturlig mintsarom, r\u00f6nnb\u00e4rsextrakt, salt.<\/span><\/p>\n<p><span style=\"font-weight: 400;\">*k\u00e4lla till glukos<\/span><\/p>\n<p><span style=\"font-weight: 400;\">Kan inneh\u00e5lla sm\u00e5 m\u00e4ngder n\u00f6t.<\/span><\/td>\n<\/tr>\n<\/tbody>\n<\/table>\n<table style=\"height: 877px;\" width=\"892\">\n<tbody>\n<tr>\n<td colspan=\"2\"><b>Ravintosis\u00e4lt\u00f6 \/ 100 g<\/b><\/p>\n<p><b>Nutrition facts \/ 100 g<\/b><\/td>\n<td><\/td>\n<td><b>Per bar 40 g<\/b><\/td>\n<td><\/td>\n<\/tr>\n<tr>\n<td rowspan=\"2\"><span style=\"font-weight: 400;\">Energy<\/span><\/td>\n<td><span style=\"font-weight: 400;\">1490,0<\/span><\/td>\n<td><span style=\"font-weight: 400;\">kJ<\/span><\/td>\n<td><span style=\"font-weight: 400;\">596,0<\/span><\/td>\n<td><span style=\"font-weight: 400;\">kJ<\/span><\/td>\n<\/tr>\n<tr>\n<td><span style=\"font-weight: 400;\">355,0<\/span><\/td>\n<td><span style=\"font-weight: 400;\">kcal<\/span><\/td>\n<td><span style=\"font-weight: 400;\">142,0<\/span><\/td>\n<td><span style=\"font-weight: 400;\">kcal<\/span><\/td>\n<\/tr>\n<tr>\n<td><span style=\"font-weight: 400;\">Fat<\/span><\/td>\n<td><span style=\"font-weight: 400;\">10,7<\/span><\/td>\n<td><span style=\"font-weight: 400;\">g<\/span><\/td>\n<td><span style=\"font-weight: 400;\">4,3<\/span><\/td>\n<td><span style=\"font-weight: 400;\">g<\/span><\/td>\n<\/tr>\n<tr>\n<td><span style=\"font-weight: 400;\">of which saturated<\/span><\/td>\n<td><span style=\"font-weight: 400;\">3,4<\/span><\/td>\n<td><span style=\"font-weight: 400;\">g<\/span><\/td>\n<td><span style=\"font-weight: 400;\">1,4<\/span><\/td>\n<td><span style=\"font-weight: 400;\">g<\/span><\/td>\n<\/tr>\n<tr>\n<td><span style=\"font-weight: 400;\">Carbohydrates<\/span><\/td>\n<td><span style=\"font-weight: 400;\">50,1<\/span><\/td>\n<td><span style=\"font-weight: 400;\">g<\/span><\/td>\n<td><span style=\"font-weight: 400;\">20,0<\/span><\/td>\n<td><span style=\"font-weight: 400;\">g<\/span><\/td>\n<\/tr>\n<tr>\n<td><span style=\"font-weight: 400;\">of which sugars<\/span><\/td>\n<td><span style=\"font-weight: 400;\">23,1<\/span><\/td>\n<td><span style=\"font-weight: 400;\">g<\/span><\/td>\n<td><span style=\"font-weight: 400;\">9,2<\/span><\/td>\n<td><span style=\"font-weight: 400;\">g<\/span><\/td>\n<\/tr>\n<tr>\n<td><span style=\"font-weight: 400;\">Dietary fibre<\/span><\/td>\n<td><span style=\"font-weight: 400;\">12,3<\/span><\/td>\n<td><span style=\"font-weight: 400;\">g<\/span><\/td>\n<td><span style=\"font-weight: 400;\">4,9<\/span><\/td>\n<td><span style=\"font-weight: 400;\">g<\/span><\/td>\n<\/tr>\n<tr>\n<td><span style=\"font-weight: 400;\">Protein<\/span><\/td>\n<td><span style=\"font-weight: 400;\">19,3<\/span><\/td>\n<td><span style=\"font-weight: 400;\">g<\/span><\/td>\n<td><span style=\"font-weight: 400;\">7,7<\/span><\/td>\n<td><span style=\"font-weight: 400;\">g<\/span><\/td>\n<\/tr>\n<tr>\n<td><span style=\"font-weight: 400;\">Salt<\/span><\/td>\n<td><span style=\"font-weight: 400;\">0,4<\/span><\/td>\n<td><span style=\"font-weight: 400;\">g<\/span><\/td>\n<td><span style=\"font-weight: 400;\">0,2<\/span><\/td>\n<td><span style=\"font-weight: 400;\">g<\/span><\/td>\n<\/tr>\n<tr>\n<td><\/td>\n<td><\/td>\n<td><\/td>\n<td><\/td>\n<td><\/td>\n<\/tr>\n<tr>\n<td><span style=\"font-weight: 400;\">Laktose<\/span><\/td>\n<td><span style=\"font-weight: 400;\">0,0<\/span><\/td>\n<td><span style=\"font-weight: 400;\">g<\/span><\/td>\n<td><span style=\"font-weight: 400;\">0,0<\/span><\/td>\n<td><span style=\"font-weight: 400;\">g<\/span><\/td>\n<\/tr>\n<\/tbody>\n<\/table>\n<p><b>Best before<\/b><b>: 9<\/b><i><span style=\"font-weight: 400;\">\u00a0months from date of manufacture<\/span><\/i><\/p>\n<p><b>Storage instructions: <\/b><span style=\"font-weight: 400;\">Store in a dry and cool place<\/span><\/p>\n<p><b>Packaging recycling instructions: <\/b><span style=\"font-weight: 400;\">Recycle the packaging into plastic waste<\/span><\/p>\n","protected":false},"excerpt":{"rendered":"<p>A fresh blast of mint and delicious dark chocolate combined with oats, rye and dates. If After Eight is one of your favorites, you&#8217;ll love this! Finnish whey gives you strength and energy. A wonderful all-in-one snack that delivers a full-bodied taste experience and quality energy.<\/p>\n<p><span style=\"font-weight: 400;\">This delightfully uncompromising mint chocolate is: <\/span><\/p>\n<ul>\n<li><span style=\"font-weight: 400;\">high fiber that your tummy loves<\/span><\/li>\n<li><span style=\"font-weight: 400;\">A source of protein that keeps you going longer<\/span><\/li>\n<li><span style=\"font-weight: 400;\">honest and Finnish, with no sweeteners<\/span><\/li>\n<li>a complete snack that recharges your batteries just enough to keep your day and activities rolling along.<\/li>\n<\/ul>\n<p>Like all Wild&amp;Berg products: no sweeteners or preservatives. Natural and unadulte. Flavors from honest and local ingredients.<\/p>\n","protected":false},"featured_media":10013,"comment_status":"open","ping_status":"closed","template":"","meta":{"_acf_changed":false},"product_cat":[127],"product_tag":[136,131,132,145,133],"class_list":{"0":"post-9622","1":"product","2":"type-product","3":"status-publish","4":"has-post-thumbnail","6":"product_cat-protein-rich-snack-bars","7":"product_tag-patukka-en","8":"product_tag-proteiini-en","9":"product_tag-proteiinipatukka-en","10":"product_tag-suklaa-en","11":"product_tag-taysvalipala-en","13":"first","14":"instock","15":"taxable","16":"shipping-taxable","17":"purchasable","18":"product-type-simple","swatches":"rey-swatches","show_selected":"","stretch_labels":"rey-swatches--stretch-labels"},"acf":[],"_links":{"self":[{"href":"https:\/\/www.wildandberg.fi\/en\/wp-json\/wp\/v2\/product\/9622","targetHints":{"allow":["GET"]}}],"collection":[{"href":"https:\/\/www.wildandberg.fi\/en\/wp-json\/wp\/v2\/product"}],"about":[{"href":"https:\/\/www.wildandberg.fi\/en\/wp-json\/wp\/v2\/types\/product"}],"replies":[{"embeddable":true,"href":"https:\/\/www.wildandberg.fi\/en\/wp-json\/wp\/v2\/comments?post=9622"}],"wp:featuredmedia":[{"embeddable":true,"href":"https:\/\/www.wildandberg.fi\/en\/wp-json\/wp\/v2\/media\/10013"}],"wp:attachment":[{"href":"https:\/\/www.wildandberg.fi\/en\/wp-json\/wp\/v2\/media?parent=9622"}],"wp:term":[{"taxonomy":"product_cat","embeddable":true,"href":"https:\/\/www.wildandberg.fi\/en\/wp-json\/wp\/v2\/product_cat?post=9622"},{"taxonomy":"product_tag","embeddable":true,"href":"https:\/\/www.wildandberg.fi\/en\/wp-json\/wp\/v2\/product_tag?post=9622"}],"curies":[{"name":"wp","href":"https:\/\/api.w.org\/{rel}","templated":true}]}}